{"id":425,"date":"2023-04-02T16:15:13","date_gmt":"2023-04-02T14:15:13","guid":{"rendered":"https:\/\/logopraxis.org\/?page_id=425"},"modified":"2025-03-29T10:45:53","modified_gmt":"2025-03-29T08:45:53","slug":"kontaktdaten","status":"publish","type":"page","link":"https:\/\/logopraxis.org\/index.php\/kontaktdaten\/","title":{"rendered":"Kontaktdaten"},"content":{"rendered":"\n<p>Praxis f\u00fcr Logop\u00e4die<br>Egerl\u00e4nderstr. 9<br>83052 Bruckm\u00fchl<\/p>\n\n\n\n<p>Telefon 08062\/809167<br>Fax 08062\/8097776<br>logopraxis.poschauko-kalb[AT]gmx.de<\/p>\n\n\n<div style=\"height:400pxpx;\" class=\"wp-block-themeisle-blocks-leaflet-map\" id=\"wp-block-themeisle-blocks-leaflet-map-ce60fe78\"><\/div>\n<script type=\"text\/javascript\">\n\t\/* <![CDATA[ *\/\n\t\tif ( ! window.themeisleLeafletMaps ) window.themeisleLeafletMaps =[];\n\t\twindow.themeisleLeafletMaps.push( { container: \"wp-block-themeisle-blocks-leaflet-map-ce60fe78\", attributes: {\"id\":\"wp-block-themeisle-blocks-leaflet-map-ce60fe78\",\"latitude\":\"47.87312271991336\",\"longitude\":\"11.93964958190918\",\"bbox\":\"11.923341751098633,47.867365095478384,11.955957412719728,47.87887970469483\",\"zoom\":15,\"markers\":[{\"id\":\"38779008-ec4a-4bb3-9ebd-11861146a62f\",\"latitude\":47.87322347264602,\"longitude\":11.93939208984375,\"title\":\"Add a title\",\"description\":\"\"}],\"location\":\"La Sagrada Familia, Barcelona, Spain\",\"height\":\"400px\",\"zoomControl\":true,\"draggable\":true,\"hasCustomCSS\":false,\"customCSS\":\"\",\"otterConditions\":[]} } );\n\t\/* ]]> *\/\n<\/script>\n\n\n\n<p>Termine k\u00f6nnen telefonisch vereinbart werden.<\/p>\n\n\n\n<p>Die Zulassung gilt f\u00fcr Kassen- und Privatpatienten sowie f\u00fcr Selbstzahler.<\/p>\n","protected":false},"excerpt":{"rendered":"<p>Praxis f\u00fcr Logop\u00e4dieEgerl\u00e4nderstr. 983052 Bruckm\u00fchl Telefon 08062\/809167Fax 08062\/8097776logopraxis.poschauko-kalb[AT]gmx.de Termine k\u00f6nnen telefonisch vereinbart werden. Die Zulassung gilt f\u00fcr Kassen- und Privatpatienten sowie f\u00fcr Selbstzahler.<\/p>\n","protected":false},"author":1,"featured_media":0,"parent":0,"menu_order":0,"comment_status":"closed","ping_status":"closed","template":"","meta":{"zakra_page_container_layout":"customizer","zakra_page_sidebar_layout":"customizer","zakra_remove_content_margin":false,"zakra_sidebar":"customizer","zakra_transparent_header":"customizer","zakra_logo":0,"zakra_main_header_style":"default","zakra_menu_item_color":"","zakra_menu_item_hover_color":"","zakra_menu_item_active_color":"","zakra_menu_active_style":"","zakra_page_header":true,"_themeisle_gutenberg_block_has_review":false,"footnotes":""},"class_list":["post-425","page","type-page","status-publish","hentry"],"_links":{"self":[{"href":"https:\/\/logopraxis.org\/index.php\/wp-json\/wp\/v2\/pages\/425","targetHints":{"allow":["GET"]}}],"collection":[{"href":"https:\/\/logopraxis.org\/index.php\/wp-json\/wp\/v2\/pages"}],"about":[{"href":"https:\/\/logopraxis.org\/index.php\/wp-json\/wp\/v2\/types\/page"}],"author":[{"embeddable":true,"href":"https:\/\/logopraxis.org\/index.php\/wp-json\/wp\/v2\/users\/1"}],"replies":[{"embeddable":true,"href":"https:\/\/logopraxis.org\/index.php\/wp-json\/wp\/v2\/comments?post=425"}],"version-history":[{"count":9,"href":"https:\/\/logopraxis.org\/index.php\/wp-json\/wp\/v2\/pages\/425\/revisions"}],"predecessor-version":[{"id":544,"href":"https:\/\/logopraxis.org\/index.php\/wp-json\/wp\/v2\/pages\/425\/revisions\/544"}],"wp:attachment":[{"href":"https:\/\/logopraxis.org\/index.php\/wp-json\/wp\/v2\/media?parent=425"}],"curies":[{"name":"wp","href":"https:\/\/api.w.org\/{rel}","templated":true}]}}