{"id":398,"date":"2023-03-24T10:03:55","date_gmt":"2023-03-24T09:03:55","guid":{"rendered":"https:\/\/logopraxis.org\/?page_id=398"},"modified":"2024-01-02T19:26:57","modified_gmt":"2024-01-02T17:26:57","slug":"datenschutzerklaerung","status":"publish","type":"page","link":"https:\/\/logopraxis.org\/index.php\/datenschutzerklaerung\/","title":{"rendered":"Datenschutzerkl\u00e4rung"},"content":{"rendered":"\n<p>Die Praxis f\u00fcr Logop\u00e4die Birgit Poschauko-Kalb liegt auch der Schutz Ihrer pers\u00f6nlichen Daten sehr am Herzen, deswegen halten wir uns strikt an die Regeln der Datenschutzgesetze. Auf dieser Webseite werden personenbezogene Daten nur im technisch notwendigen Umfang erhoben. Auf keinen Fall werden erhobene Daten verkauft. Nachstehend geben wir Ihnen einen kurzen \u00dcberblick dar\u00fcber, welche Art von Daten und zu welchem Zweck erhoben werden und wie die Praxis f\u00fcr Logop\u00e4die Birgit Poschauko-Kalb den Schutz dieser Daten gew\u00e4hrleistet. Datenverarbeitung auf der Internetseite www.logopraxis.org<\/p>\n\n\n\n<h2 class=\"wp-block-heading\">Datenverarbeitung auf der Internetseite logopraxis.org<\/h2>\n\n\n\n<p>Beim Besuch der Webseite speichern wir automatisch in unseren Server Log Files Informationen, die durch Ihren Browser \u00fcbermittelt werden. Dies sind:<\/p>\n\n\n\n<ul class=\"wp-block-list\">\n<li>Browsertyp \/ -version<\/li>\n\n\n\n<li>verwendetes Betriebssystem<\/li>\n\n\n\n<li>Referrer URL (die zuvor besuchte Seite)<\/li>\n\n\n\n<li>Hostname des zugreifenden Rechners (IP Adresse)<\/li>\n\n\n\n<li>Uhrzeit der Serveranfrage<\/li>\n<\/ul>\n\n\n\n<p>Eine Zuordnung zu personenbezogenen Daten ist nicht m\u00f6glich. Wir f\u00fchren keine dieser Daten mit anderen Datenquellen zusammen und nach einer statistischen Auswertung werden die Daten wieder gel\u00f6scht.<\/p>\n\n\n\n<h2 class=\"wp-block-heading\">Cookies<\/h2>\n\n\n\n<p>In einigen Bereichen unserer Seiten werden so genannte Cookies eingesetzt. Ein Cookie ist eine kleine Textdatei, die von einer Website auf Ihrer Festplatte abgelegt wird. Cookies richten auf Ihrem Rechner keinen Schaden an und enthalten keine Viren. Die Cookies unserer Internetseiten erheben auch keinerlei personenbezogene Daten. Die in Cookies enthaltenen Informationen verwenden wir, um Ihnen die Nutzung unserer Seiten zu erleichtern und sie auf Ihre Bed\u00fcrfnisse abzustimmen.<\/p>\n\n\n\n<p>Nat\u00fcrlich k\u00f6nnen Sie unsere Webseite auch ohne Cookies betrachten. Falls Sie nicht m\u00f6chten, dass Cookies auf Ihrem Rechner gespeichert werden, k\u00f6nnen Sie die entsprechende Option in den Systemeinstellungen Ihres Browsers deaktivieren. Gespeicherte Cookies k\u00f6nnen Sie in den Systemeinstellungen Ihres Browsers jederzeit l\u00f6schen. Wenn Sie keine Cookies akzeptieren, kann dieses allerdings zu Funktionseinschr\u00e4nkungen unserer Angebote f\u00fchren.<\/p>\n\n\n\n<p>opt-out-Funktion<\/p>\n\n\n\n<p>Die opt-out-Funktion wird technisch \u00fcber ein spezielles Cookie realisiert, welches vom Mess-System als opt-out-Cookie erkannt wird. Alle Anfragen an das System, welche das opt-out-Cookie enthalten, werden vollst\u00e4ndig verworfen.<\/p>\n","protected":false},"excerpt":{"rendered":"<p>Die Praxis f\u00fcr Logop\u00e4die Birgit Poschauko-Kalb liegt auch der Schutz Ihrer pers\u00f6nlichen Daten sehr am Herzen, deswegen halten wir uns strikt an die Regeln der Datenschutzgesetze. Auf dieser Webseite werden personenbezogene Daten nur im technisch notwendigen Umfang erhoben. Auf keinen Fall werden erhobene Daten verkauft. Nachstehend geben wir Ihnen einen kurzen \u00dcberblick dar\u00fcber, welche Art [&hellip;]<\/p>\n","protected":false},"author":1,"featured_media":0,"parent":0,"menu_order":0,"comment_status":"closed","ping_status":"closed","template":"","meta":{"zakra_page_container_layout":"customizer","zakra_page_sidebar_layout":"customizer","zakra_remove_content_margin":false,"zakra_sidebar":"customizer","zakra_transparent_header":"customizer","zakra_logo":0,"zakra_main_header_style":"default","zakra_menu_item_color":"","zakra_menu_item_hover_color":"","zakra_menu_item_active_color":"","zakra_menu_active_style":"","zakra_page_header":true,"_themeisle_gutenberg_block_has_review":false,"footnotes":""},"class_list":["post-398","page","type-page","status-publish","hentry"],"_links":{"self":[{"href":"https:\/\/logopraxis.org\/index.php\/wp-json\/wp\/v2\/pages\/398","targetHints":{"allow":["GET"]}}],"collection":[{"href":"https:\/\/logopraxis.org\/index.php\/wp-json\/wp\/v2\/pages"}],"about":[{"href":"https:\/\/logopraxis.org\/index.php\/wp-json\/wp\/v2\/types\/page"}],"author":[{"embeddable":true,"href":"https:\/\/logopraxis.org\/index.php\/wp-json\/wp\/v2\/users\/1"}],"replies":[{"embeddable":true,"href":"https:\/\/logopraxis.org\/index.php\/wp-json\/wp\/v2\/comments?post=398"}],"version-history":[{"count":3,"href":"https:\/\/logopraxis.org\/index.php\/wp-json\/wp\/v2\/pages\/398\/revisions"}],"predecessor-version":[{"id":496,"href":"https:\/\/logopraxis.org\/index.php\/wp-json\/wp\/v2\/pages\/398\/revisions\/496"}],"wp:attachment":[{"href":"https:\/\/logopraxis.org\/index.php\/wp-json\/wp\/v2\/media?parent=398"}],"curies":[{"name":"wp","href":"https:\/\/api.w.org\/{rel}","templated":true}]}}